{"id":2356,"date":"2021-03-14T12:43:39","date_gmt":"2021-03-14T08:43:39","guid":{"rendered":"https:\/\/www.oceanhouse.re\/contact\/"},"modified":"2025-09-03T19:59:48","modified_gmt":"2025-09-03T15:59:48","slug":"contact","status":"publish","type":"page","link":"https:\/\/www.oceanhouse.re\/en\/contact\/","title":{"rendered":"Contact"},"content":{"rendered":"\t\t<div data-elementor-type=\"wp-page\" data-elementor-id=\"2356\" class=\"elementor elementor-2356 elementor-57\">\n\t\t\t\t\t\t<section class=\"elementor-section elementor-top-section elementor-element elementor-element-07f7932 elementor-section-boxed elementor-section-height-default elementor-section-height-default\" data-id=\"07f7932\" data-element_type=\"section\">\n\t\t\t\t\t\t<div class=\"elementor-container elementor-column-gap-default\">\n\t\t\t\t\t<div class=\"aux-parallax-section elementor-column elementor-col-50 elementor-top-column elementor-element elementor-element-f6482ce\" data-id=\"f6482ce\" data-element_type=\"column\">\n\t\t\t<div class=\"elementor-widget-wrap elementor-element-populated\">\n\t\t\t\t\t\t<div class=\"elementor-element elementor-element-e9e80e1 elementor-widget elementor-widget-aux_modern_heading\" data-id=\"e9e80e1\" data-element_type=\"widget\" data-widget_type=\"aux_modern_heading.default\">\n\t\t\t\t<div class=\"elementor-widget-container\">\n\t\t\t\t\t<section class=\"aux-widget-modern-heading\">\n            <div class=\"aux-widget-inner\"><h2 class=\"aux-modern-heading-primary\">Information &amp; Bookings<\/h2><\/div>\n        <\/section>\t\t\t\t<\/div>\n\t\t\t\t<\/div>\n\t\t\t\t<div class=\"elementor-element elementor-element-788d575 elementor-widget elementor-widget-text-editor\" data-id=\"788d575\" data-element_type=\"widget\" data-widget_type=\"text-editor.default\">\n\t\t\t\t<div class=\"elementor-widget-container\">\n\t\t\t\t\t\t\t\t\t<p>Please complete the contact form to obtain information, availability, a quote or make your reservation.<\/p><p>Kids are accepted from the age of 8.\u00a0<\/p><p>Thank you for your understanding. \u00a0<\/p><p>See you soon !<\/p><p>Libu<\/p>\t\t\t\t\t\t\t\t<\/div>\n\t\t\t\t<\/div>\n\t\t\t\t<div class=\"elementor-element elementor-element-920870d elementor-widget elementor-widget-aux_image\" data-id=\"920870d\" data-element_type=\"widget\" data-widget_type=\"aux_image.default\">\n\t\t\t\t<div class=\"elementor-widget-container\">\n\t\t\t\t\t<section class=\"widget-container aux-widget-image aux-alignnone aux-parent-au012c5d4a\">\n    <div class=\"aux-media-hint-frame \">\n        <div class=\"aux-media-image \" >\n        \n            \n\n            \n            <img fetchpriority=\"high\" decoding=\"async\" width=\"300\" height=\"300\" src=\"https:\/\/www.oceanhouse.re\/wp-content\/uploads\/2025\/09\/Libu-1.webp\" class=\"aux-attachment aux-featured-image aux-attachment-id-3797\" alt=\"Libu-1\" srcset=\"https:\/\/www.oceanhouse.re\/wp-content\/uploads\/2025\/09\/Libu-1-150x150.webp 150w,https:\/\/www.oceanhouse.re\/wp-content\/uploads\/2025\/09\/Libu-1-300x300.webp 300w,https:\/\/www.oceanhouse.re\/wp-content\/uploads\/2025\/09\/Libu-1.webp 300w\" data-ratio=\"1\" data-original-w=\"720\" sizes=\"(max-width:479px) 480px,(max-width:767px) 768px,(max-width:1023px) 1024px,300px\" \/>            \n                <\/div>\n    <\/div>\n\n<\/section><!-- widget-container -->\t\t\t\t<\/div>\n\t\t\t\t<\/div>\n\t\t\t\t\t<\/div>\n\t\t<\/div>\n\t\t\t\t<div class=\"aux-parallax-section elementor-column elementor-col-50 elementor-top-column elementor-element elementor-element-7e1955b\" data-id=\"7e1955b\" data-element_type=\"column\">\n\t\t\t<div class=\"elementor-widget-wrap elementor-element-populated\">\n\t\t\t\t\t\t<div class=\"elementor-element elementor-element-ec8d525 elementor-widget elementor-widget-aux_contact_form\" data-id=\"ec8d525\" data-element_type=\"widget\" data-widget_type=\"aux_contact_form.default\">\n\t\t\t\t<div class=\"elementor-widget-container\">\n\t\t\t\t\t<section class=\"widget-container aux-widget-contact-form aux-parent-au9d1d2fd0\">            <div class=\"aux-col-wrapper aux-no-gutter\">\n            <!-- @TODO - The output for element here -->\n\n            \n<div class=\"wpcf7 no-js\" id=\"wpcf7-f2459-o1\" lang=\"fr-FR\" dir=\"ltr\" data-wpcf7-id=\"2459\">\n<div class=\"screen-reader-response\"><p role=\"status\" aria-live=\"polite\" aria-atomic=\"true\"><\/p> <ul><\/ul><\/div>\n<form action=\"\/en\/wp-json\/wp\/v2\/pages\/2356#wpcf7-f2459-o1\" method=\"post\" class=\"wpcf7-form init\" aria-label=\"Formulaire de contact\" novalidate=\"novalidate\" data-status=\"init\">\n<fieldset class=\"hidden-fields-container\"><input type=\"hidden\" name=\"_wpcf7\" value=\"2459\" \/><input type=\"hidden\" name=\"_wpcf7_version\" value=\"6.1.1\" \/><input type=\"hidden\" name=\"_wpcf7_locale\" value=\"fr_FR\" \/><input type=\"hidden\" name=\"_wpcf7_unit_tag\" value=\"wpcf7-f2459-o1\" \/><input type=\"hidden\" name=\"_wpcf7_container_post\" value=\"0\" \/><input type=\"hidden\" name=\"_wpcf7_posted_data_hash\" value=\"\" \/><input type=\"hidden\" name=\"_wpcf7_recaptcha_response\" value=\"\" \/>\n<\/fieldset>\n<div class=\"aux-nextto\">\n\t<p><span class=\"wpcf7-form-control-wrap\" data-name=\"text-910\"><input size=\"40\" maxlength=\"400\" class=\"wpcf7-form-control wpcf7-text wpcf7-validates-as-required\" aria-required=\"true\" aria-invalid=\"false\" placeholder=\"Fullname*\" value=\"\" type=\"text\" name=\"text-910\" \/><\/span><br \/>\n<span class=\"wpcf7-form-control-wrap\" data-name=\"email-32\"><input size=\"40\" maxlength=\"400\" class=\"wpcf7-form-control wpcf7-email wpcf7-validates-as-required wpcf7-text wpcf7-validates-as-email\" aria-required=\"true\" aria-invalid=\"false\" placeholder=\"Email*\" value=\"\" type=\"email\" name=\"email-32\" \/><\/span><br \/>\n<span class=\"wpcf7-form-control-wrap\" data-name=\"text-911\"><input size=\"40\" maxlength=\"400\" class=\"wpcf7-form-control wpcf7-text wpcf7-validates-as-required\" aria-required=\"true\" aria-invalid=\"false\" placeholder=\"Phone*\" value=\"\" type=\"text\" name=\"text-911\" \/><\/span>\n\t<\/p>\n<\/div>\n<div class=\"aux-nextto\">\n\t<p><span class=\"wpcf7-form-control-wrap\" data-name=\"menu-43\"><select class=\"wpcf7-form-control wpcf7-select\" aria-invalid=\"false\" name=\"menu-43\"><option value=\"\">Choose accomodation<\/option><option value=\"Ocean Suite\">Ocean Suite<\/option><option value=\"Appart Baleine\">Appart Baleine<\/option><option value=\"Ocean House\">Ocean House<\/option><\/select><\/span><br \/>\n<input type=\"text\" onfocus=\"(this.type='date')\" onblur=\"(this.type='text')\" name=\"date-591\" value=\"\" class=\"wpcf7-form-control wpcf7-date wpcf7-validates-as-date\" aria-invalid=\"false\" placeholder=\"Arrival\" \/><br \/>\n<input type=\"text\" onfocus=\"(this.type='date')\" onblur=\"(this.type='text')\" name=\"date-592\" value=\"\" class=\"wpcf7-form-control wpcf7-date wpcf7-validates-as-date\" aria-invalid=\"false\" placeholder=\"Departure\" \/>\n\t<\/p>\n<\/div>\n<p><span class=\"wpcf7-form-control-wrap\" data-name=\"textarea-804\"><textarea cols=\"40\" rows=\"10\" maxlength=\"2000\" class=\"wpcf7-form-control wpcf7-textarea wpcf7-validates-as-required\" aria-required=\"true\" aria-invalid=\"false\" placeholder=\"Message\" name=\"textarea-804\"><\/textarea><\/span><br \/>\n<input class=\"wpcf7-form-control wpcf7-submit has-spinner\" type=\"submit\" value=\"Send\" \/>\n<\/p><div class=\"wpcf7-response-output\" aria-hidden=\"true\"><\/div>\n<\/form>\n<\/div>\n\n\n            <\/div><!-- aux-col-wrapper -->\n    <\/section><!-- widget-container -->\t\t\t\t<\/div>\n\t\t\t\t<\/div>\n\t\t\t\t\t<\/div>\n\t\t<\/div>\n\t\t\t\t\t<\/div>\n\t\t<\/section>\n\t\t\t\t<section class=\"elementor-section elementor-top-section elementor-element elementor-element-455a34a elementor-section-boxed elementor-section-height-default elementor-section-height-default\" data-id=\"455a34a\" data-element_type=\"section\" data-settings=\"{&quot;background_background&quot;:&quot;classic&quot;}\">\n\t\t\t\t\t\t<div class=\"elementor-container elementor-column-gap-default\">\n\t\t\t\t\t<div class=\"aux-parallax-section elementor-column elementor-col-100 elementor-top-column elementor-element elementor-element-5157d70\" data-id=\"5157d70\" data-element_type=\"column\" data-settings=\"{&quot;background_background&quot;:&quot;classic&quot;}\">\n\t\t\t<div class=\"elementor-widget-wrap elementor-element-populated\">\n\t\t\t\t\t\t<section class=\"elementor-section elementor-inner-section elementor-element elementor-element-583d627 elementor-section-boxed elementor-section-height-default elementor-section-height-default\" data-id=\"583d627\" data-element_type=\"section\">\n\t\t\t\t\t\t<div class=\"elementor-container elementor-column-gap-default\">\n\t\t\t\t\t<div class=\"aux-parallax-section elementor-column elementor-col-33 elementor-inner-column elementor-element elementor-element-8258e5e\" data-id=\"8258e5e\" data-element_type=\"column\">\n\t\t\t<div class=\"elementor-widget-wrap elementor-element-populated\">\n\t\t\t\t\t\t<div class=\"elementor-element elementor-element-fe100dc elementor-view-default elementor-position-top elementor-mobile-position-top elementor-widget elementor-widget-icon-box\" data-id=\"fe100dc\" data-element_type=\"widget\" data-widget_type=\"icon-box.default\">\n\t\t\t\t<div class=\"elementor-widget-container\">\n\t\t\t\t\t\t\t<div class=\"elementor-icon-box-wrapper\">\n\n\t\t\t\t\t\t<div class=\"elementor-icon-box-icon\">\n\t\t\t\t<a href=\"tel:+262692473006\" class=\"elementor-icon\" tabindex=\"-1\" aria-label=\"Phone\">\n\t\t\t\t<i aria-hidden=\"true\" class=\"fas fa-phone\"><\/i>\t\t\t\t<\/a>\n\t\t\t<\/div>\n\t\t\t\n\t\t\t\t\t\t<div class=\"elementor-icon-box-content\">\n\n\t\t\t\t\t\t\t\t\t<h3 class=\"elementor-icon-box-title\">\n\t\t\t\t\t\t<a href=\"tel:+262692473006\" >\n\t\t\t\t\t\t\tPhone\t\t\t\t\t\t<\/a>\n\t\t\t\t\t<\/h3>\n\t\t\t\t\n\t\t\t\t\t\t\t\t\t<p class=\"elementor-icon-box-description\">\n\t\t\t\t\t\t<a href=\"tel:+262692473006\" style=\"color:#F8FDFF\">+262 692 47 30 06<\/a>\t\t\t\t\t<\/p>\n\t\t\t\t\n\t\t\t<\/div>\n\t\t\t\n\t\t<\/div>\n\t\t\t\t\t\t<\/div>\n\t\t\t\t<\/div>\n\t\t\t\t\t<\/div>\n\t\t<\/div>\n\t\t\t\t<div class=\"aux-parallax-section elementor-column elementor-col-33 elementor-inner-column elementor-element elementor-element-b8209aa\" data-id=\"b8209aa\" data-element_type=\"column\">\n\t\t\t<div class=\"elementor-widget-wrap elementor-element-populated\">\n\t\t\t\t\t\t<div class=\"elementor-element elementor-element-52cb066 elementor-view-default elementor-position-top elementor-mobile-position-top elementor-widget elementor-widget-icon-box\" data-id=\"52cb066\" data-element_type=\"widget\" data-widget_type=\"icon-box.default\">\n\t\t\t\t<div class=\"elementor-widget-container\">\n\t\t\t\t\t\t\t<div class=\"elementor-icon-box-wrapper\">\n\n\t\t\t\t\t\t<div class=\"elementor-icon-box-icon\">\n\t\t\t\t<a href=\"mailto:libusreunion@gmail.com\" class=\"elementor-icon\" tabindex=\"-1\" aria-label=\"Email\">\n\t\t\t\t<i aria-hidden=\"true\" class=\"far fa-envelope\"><\/i>\t\t\t\t<\/a>\n\t\t\t<\/div>\n\t\t\t\n\t\t\t\t\t\t<div class=\"elementor-icon-box-content\">\n\n\t\t\t\t\t\t\t\t\t<h3 class=\"elementor-icon-box-title\">\n\t\t\t\t\t\t<a href=\"mailto:libusreunion@gmail.com\" >\n\t\t\t\t\t\t\tEmail\t\t\t\t\t\t<\/a>\n\t\t\t\t\t<\/h3>\n\t\t\t\t\n\t\t\t\t\t\t\t\t\t<p class=\"elementor-icon-box-description\">\n\t\t\t\t\t\t<a href=\"mailto:libusreunion@gmail.com\" style=\"color:#F8FDFF\">libusreunion@gmail.com<\/a>\t\t\t\t\t<\/p>\n\t\t\t\t\n\t\t\t<\/div>\n\t\t\t\n\t\t<\/div>\n\t\t\t\t\t\t<\/div>\n\t\t\t\t<\/div>\n\t\t\t\t\t<\/div>\n\t\t<\/div>\n\t\t\t\t<div class=\"aux-parallax-section elementor-column elementor-col-33 elementor-inner-column elementor-element elementor-element-046441c\" data-id=\"046441c\" data-element_type=\"column\">\n\t\t\t<div class=\"elementor-widget-wrap elementor-element-populated\">\n\t\t\t\t\t\t<div class=\"elementor-element elementor-element-f6fc3a7 elementor-view-default elementor-position-top elementor-mobile-position-top elementor-widget elementor-widget-icon-box\" data-id=\"f6fc3a7\" data-element_type=\"widget\" data-widget_type=\"icon-box.default\">\n\t\t\t\t<div class=\"elementor-widget-container\">\n\t\t\t\t\t\t\t<div class=\"elementor-icon-box-wrapper\">\n\n\t\t\t\t\t\t<div class=\"elementor-icon-box-icon\">\n\t\t\t\t<span  class=\"elementor-icon\">\n\t\t\t\t<i aria-hidden=\"true\" class=\"auxicon auxicon-pin-4\"><\/i>\t\t\t\t<\/span>\n\t\t\t<\/div>\n\t\t\t\n\t\t\t\t\t\t<div class=\"elementor-icon-box-content\">\n\n\t\t\t\t\t\t\t\t\t<h3 class=\"elementor-icon-box-title\">\n\t\t\t\t\t\t<span  >\n\t\t\t\t\t\t\tAddress\t\t\t\t\t\t<\/span>\n\t\t\t\t\t<\/h3>\n\t\t\t\t\n\t\t\t\t\t\t\t\t\t<p class=\"elementor-icon-box-description\">\n\t\t\t\t\t\t48 Avenue des Aliz\u00e9s<br>97436 Saint-Leu \t\t\t\t\t<\/p>\n\t\t\t\t\n\t\t\t<\/div>\n\t\t\t\n\t\t<\/div>\n\t\t\t\t\t\t<\/div>\n\t\t\t\t<\/div>\n\t\t\t\t\t<\/div>\n\t\t<\/div>\n\t\t\t\t\t<\/div>\n\t\t<\/section>\n\t\t\t\t\t<\/div>\n\t\t<\/div>\n\t\t\t\t\t<\/div>\n\t\t<\/section>\n\t\t\t\t<section class=\"elementor-section elementor-top-section elementor-element elementor-element-743470b elementor-section-boxed elementor-section-height-default elementor-section-height-default\" data-id=\"743470b\" data-element_type=\"section\">\n\t\t\t\t\t\t<div class=\"elementor-container elementor-column-gap-default\">\n\t\t\t\t\t<div class=\"aux-parallax-section elementor-column elementor-col-100 elementor-top-column elementor-element elementor-element-5298383\" data-id=\"5298383\" data-element_type=\"column\">\n\t\t\t<div class=\"elementor-widget-wrap elementor-element-populated\">\n\t\t\t\t\t\t<div class=\"elementor-element elementor-element-e6e02c5 elementor-widget elementor-widget-google_maps\" data-id=\"e6e02c5\" data-element_type=\"widget\" data-widget_type=\"google_maps.default\">\n\t\t\t\t<div class=\"elementor-widget-container\">\n\t\t\t\t\t\t\t<div class=\"elementor-custom-embed\">\n\t\t\t<iframe loading=\"lazy\"\n\t\t\t\t\tsrc=\"https:\/\/maps.google.com\/maps?q=Ocean%20Dream%20House%2C%20Saint%20Leu&#038;t=m&#038;z=15&#038;output=embed&#038;iwloc=near\"\n\t\t\t\t\ttitle=\"Ocean Dream House, Saint Leu\"\n\t\t\t\t\taria-label=\"Ocean Dream House, Saint Leu\"\n\t\t\t><\/iframe>\n\t\t<\/div>\n\t\t\t\t\t\t<\/div>\n\t\t\t\t<\/div>\n\t\t\t\t\t<\/div>\n\t\t<\/div>\n\t\t\t\t\t<\/div>\n\t\t<\/section>\n\t\t\t\t<\/div>\n\t\t","protected":false},"excerpt":{"rendered":"<p>Information &amp; Bookings Please complete the contact form to obtain information, availability, a quote or make your reservation. Kids are accepted from the age of 8.\u00a0 Thank you for your understanding. \u00a0 See you soon ! Libu Choose accomodationOcean SuiteAppart BaleineOcean House Phone +262 692 47 30 06 Email libusreunion@gmail.com Address 48 Avenue des Aliz\u00e9s97436 [&hellip;]<\/p>\n","protected":false},"author":1,"featured_media":0,"parent":0,"menu_order":0,"comment_status":"closed","ping_status":"closed","template":"","meta":{"footnotes":""},"class_list":["post-2356","page","type-page","status-publish","hentry"],"yoast_head":"<!-- This site is optimized with the Yoast SEO plugin v25.8 - https:\/\/yoast.com\/wordpress\/plugins\/seo\/ -->\n<title>Contact - Ocean Dream House<\/title>\n<meta name=\"robots\" content=\"index, follow, max-snippet:-1, max-image-preview:large, max-video-preview:-1\" \/>\n<link rel=\"canonical\" href=\"https:\/\/www.oceanhouse.re\/en\/contact\/\" \/>\n<meta property=\"og:locale\" content=\"en_US\" \/>\n<meta property=\"og:type\" content=\"article\" \/>\n<meta property=\"og:title\" content=\"Contact - Ocean Dream House\" \/>\n<meta property=\"og:description\" content=\"Information &amp; Bookings Please complete the contact form to obtain information, availability, a quote or make your reservation. Kids are accepted from the age of 8.\u00a0 Thank you for your understanding. \u00a0 See you soon ! Libu Choose accomodationOcean SuiteAppart BaleineOcean House Phone +262 692 47 30 06 Email libusreunion@gmail.com Address 48 Avenue des Aliz\u00e9s97436 [&hellip;]\" \/>\n<meta property=\"og:url\" content=\"https:\/\/www.oceanhouse.re\/en\/contact\/\" \/>\n<meta property=\"og:site_name\" content=\"Ocean Dream House\" \/>\n<meta property=\"article:modified_time\" content=\"2025-09-03T15:59:48+00:00\" \/>\n<meta property=\"og:image\" content=\"http:\/\/www.oceanhouse.re\/wp-content\/uploads\/2025\/09\/Libu-1-300x300.webp\" \/>\n<meta name=\"twitter:card\" content=\"summary_large_image\" \/>\n<meta name=\"twitter:label1\" content=\"Est. reading time\" \/>\n\t<meta name=\"twitter:data1\" content=\"1 minute\" \/>\n<script type=\"application\/ld+json\" class=\"yoast-schema-graph\">{\"@context\":\"https:\/\/schema.org\",\"@graph\":[{\"@type\":\"WebPage\",\"@id\":\"https:\/\/www.oceanhouse.re\/en\/contact\/\",\"url\":\"https:\/\/www.oceanhouse.re\/en\/contact\/\",\"name\":\"Contact - Ocean Dream House\",\"isPartOf\":{\"@id\":\"https:\/\/www.oceanhouse.re\/en\/#website\"},\"primaryImageOfPage\":{\"@id\":\"https:\/\/www.oceanhouse.re\/en\/contact\/#primaryimage\"},\"image\":{\"@id\":\"https:\/\/www.oceanhouse.re\/en\/contact\/#primaryimage\"},\"thumbnailUrl\":\"http:\/\/www.oceanhouse.re\/wp-content\/uploads\/2025\/09\/Libu-1-300x300.webp\",\"datePublished\":\"2021-03-14T08:43:39+00:00\",\"dateModified\":\"2025-09-03T15:59:48+00:00\",\"breadcrumb\":{\"@id\":\"https:\/\/www.oceanhouse.re\/en\/contact\/#breadcrumb\"},\"inLanguage\":\"en-US\",\"potentialAction\":[{\"@type\":\"ReadAction\",\"target\":[\"https:\/\/www.oceanhouse.re\/en\/contact\/\"]}]},{\"@type\":\"ImageObject\",\"inLanguage\":\"en-US\",\"@id\":\"https:\/\/www.oceanhouse.re\/en\/contact\/#primaryimage\",\"url\":\"http:\/\/www.oceanhouse.re\/wp-content\/uploads\/2025\/09\/Libu-1-300x300.webp\",\"contentUrl\":\"http:\/\/www.oceanhouse.re\/wp-content\/uploads\/2025\/09\/Libu-1-300x300.webp\"},{\"@type\":\"BreadcrumbList\",\"@id\":\"https:\/\/www.oceanhouse.re\/en\/contact\/#breadcrumb\",\"itemListElement\":[{\"@type\":\"ListItem\",\"position\":1,\"name\":\"Home\",\"item\":\"https:\/\/www.oceanhouse.re\/en\/\"},{\"@type\":\"ListItem\",\"position\":2,\"name\":\"Contact\"}]},{\"@type\":\"WebSite\",\"@id\":\"https:\/\/www.oceanhouse.re\/en\/#website\",\"url\":\"https:\/\/www.oceanhouse.re\/en\/\",\"name\":\"Ocean Dream House\",\"description\":\"Location meubl\u00e9 \u00e0 Saint Leu, La R\u00e9union\",\"publisher\":{\"@id\":\"https:\/\/www.oceanhouse.re\/en\/#organization\"},\"potentialAction\":[{\"@type\":\"SearchAction\",\"target\":{\"@type\":\"EntryPoint\",\"urlTemplate\":\"https:\/\/www.oceanhouse.re\/en\/?s={search_term_string}\"},\"query-input\":{\"@type\":\"PropertyValueSpecification\",\"valueRequired\":true,\"valueName\":\"search_term_string\"}}],\"inLanguage\":\"en-US\"},{\"@type\":\"Organization\",\"@id\":\"https:\/\/www.oceanhouse.re\/en\/#organization\",\"name\":\"Ocean Dream House\",\"url\":\"https:\/\/www.oceanhouse.re\/en\/\",\"logo\":{\"@type\":\"ImageObject\",\"inLanguage\":\"en-US\",\"@id\":\"https:\/\/www.oceanhouse.re\/en\/#\/schema\/logo\/image\/\",\"url\":\"https:\/\/www.oceanhouse.re\/wp-content\/uploads\/2021\/06\/cropped-logo-ocean-dream-house-color-100.png\",\"contentUrl\":\"https:\/\/www.oceanhouse.re\/wp-content\/uploads\/2021\/06\/cropped-logo-ocean-dream-house-color-100.png\",\"width\":172,\"height\":100,\"caption\":\"Ocean Dream House\"},\"image\":{\"@id\":\"https:\/\/www.oceanhouse.re\/en\/#\/schema\/logo\/image\/\"}}]}<\/script>\n<!-- \/ Yoast SEO plugin. -->","yoast_head_json":{"title":"Contact - Ocean Dream House","robots":{"index":"index","follow":"follow","max-snippet":"max-snippet:-1","max-image-preview":"max-image-preview:large","max-video-preview":"max-video-preview:-1"},"canonical":"https:\/\/www.oceanhouse.re\/en\/contact\/","og_locale":"en_US","og_type":"article","og_title":"Contact - Ocean Dream House","og_description":"Information &amp; Bookings Please complete the contact form to obtain information, availability, a quote or make your reservation. Kids are accepted from the age of 8.\u00a0 Thank you for your understanding. \u00a0 See you soon ! Libu Choose accomodationOcean SuiteAppart BaleineOcean House Phone +262 692 47 30 06 Email libusreunion@gmail.com Address 48 Avenue des Aliz\u00e9s97436 [&hellip;]","og_url":"https:\/\/www.oceanhouse.re\/en\/contact\/","og_site_name":"Ocean Dream House","article_modified_time":"2025-09-03T15:59:48+00:00","og_image":[{"url":"http:\/\/www.oceanhouse.re\/wp-content\/uploads\/2025\/09\/Libu-1-300x300.webp","type":"","width":"","height":""}],"twitter_card":"summary_large_image","twitter_misc":{"Est. reading time":"1 minute"},"schema":{"@context":"https:\/\/schema.org","@graph":[{"@type":"WebPage","@id":"https:\/\/www.oceanhouse.re\/en\/contact\/","url":"https:\/\/www.oceanhouse.re\/en\/contact\/","name":"Contact - Ocean Dream House","isPartOf":{"@id":"https:\/\/www.oceanhouse.re\/en\/#website"},"primaryImageOfPage":{"@id":"https:\/\/www.oceanhouse.re\/en\/contact\/#primaryimage"},"image":{"@id":"https:\/\/www.oceanhouse.re\/en\/contact\/#primaryimage"},"thumbnailUrl":"http:\/\/www.oceanhouse.re\/wp-content\/uploads\/2025\/09\/Libu-1-300x300.webp","datePublished":"2021-03-14T08:43:39+00:00","dateModified":"2025-09-03T15:59:48+00:00","breadcrumb":{"@id":"https:\/\/www.oceanhouse.re\/en\/contact\/#breadcrumb"},"inLanguage":"en-US","potentialAction":[{"@type":"ReadAction","target":["https:\/\/www.oceanhouse.re\/en\/contact\/"]}]},{"@type":"ImageObject","inLanguage":"en-US","@id":"https:\/\/www.oceanhouse.re\/en\/contact\/#primaryimage","url":"http:\/\/www.oceanhouse.re\/wp-content\/uploads\/2025\/09\/Libu-1-300x300.webp","contentUrl":"http:\/\/www.oceanhouse.re\/wp-content\/uploads\/2025\/09\/Libu-1-300x300.webp"},{"@type":"BreadcrumbList","@id":"https:\/\/www.oceanhouse.re\/en\/contact\/#breadcrumb","itemListElement":[{"@type":"ListItem","position":1,"name":"Home","item":"https:\/\/www.oceanhouse.re\/en\/"},{"@type":"ListItem","position":2,"name":"Contact"}]},{"@type":"WebSite","@id":"https:\/\/www.oceanhouse.re\/en\/#website","url":"https:\/\/www.oceanhouse.re\/en\/","name":"Ocean Dream House","description":"Location meubl\u00e9 \u00e0 Saint Leu, La R\u00e9union","publisher":{"@id":"https:\/\/www.oceanhouse.re\/en\/#organization"},"potentialAction":[{"@type":"SearchAction","target":{"@type":"EntryPoint","urlTemplate":"https:\/\/www.oceanhouse.re\/en\/?s={search_term_string}"},"query-input":{"@type":"PropertyValueSpecification","valueRequired":true,"valueName":"search_term_string"}}],"inLanguage":"en-US"},{"@type":"Organization","@id":"https:\/\/www.oceanhouse.re\/en\/#organization","name":"Ocean Dream House","url":"https:\/\/www.oceanhouse.re\/en\/","logo":{"@type":"ImageObject","inLanguage":"en-US","@id":"https:\/\/www.oceanhouse.re\/en\/#\/schema\/logo\/image\/","url":"https:\/\/www.oceanhouse.re\/wp-content\/uploads\/2021\/06\/cropped-logo-ocean-dream-house-color-100.png","contentUrl":"https:\/\/www.oceanhouse.re\/wp-content\/uploads\/2021\/06\/cropped-logo-ocean-dream-house-color-100.png","width":172,"height":100,"caption":"Ocean Dream House"},"image":{"@id":"https:\/\/www.oceanhouse.re\/en\/#\/schema\/logo\/image\/"}}]}},"_links":{"self":[{"href":"https:\/\/www.oceanhouse.re\/en\/wp-json\/wp\/v2\/pages\/2356","targetHints":{"allow":["GET"]}}],"collection":[{"href":"https:\/\/www.oceanhouse.re\/en\/wp-json\/wp\/v2\/pages"}],"about":[{"href":"https:\/\/www.oceanhouse.re\/en\/wp-json\/wp\/v2\/types\/page"}],"author":[{"embeddable":true,"href":"https:\/\/www.oceanhouse.re\/en\/wp-json\/wp\/v2\/users\/1"}],"replies":[{"embeddable":true,"href":"https:\/\/www.oceanhouse.re\/en\/wp-json\/wp\/v2\/comments?post=2356"}],"version-history":[{"count":23,"href":"https:\/\/www.oceanhouse.re\/en\/wp-json\/wp\/v2\/pages\/2356\/revisions"}],"predecessor-version":[{"id":3835,"href":"https:\/\/www.oceanhouse.re\/en\/wp-json\/wp\/v2\/pages\/2356\/revisions\/3835"}],"wp:attachment":[{"href":"https:\/\/www.oceanhouse.re\/en\/wp-json\/wp\/v2\/media?parent=2356"}],"curies":[{"name":"wp","href":"https:\/\/api.w.org\/{rel}","templated":true}]}}